{"id":5,"date":"2020-02-12T08:03:13","date_gmt":"2020-02-12T08:03:13","guid":{"rendered":"https:\/\/the7.io\/fashion-blog\/?page_id=5"},"modified":"2024-09-01T10:49:17","modified_gmt":"2024-09-01T08:49:17","slug":"elementor-5","status":"publish","type":"page","link":"https:\/\/eglise-appeville.com\/","title":{"rendered":"Home"},"content":{"rendered":"\t\t<div data-elementor-type=\"wp-page\" data-elementor-id=\"5\" class=\"elementor elementor-5\" data-elementor-post-type=\"page\">\n\t\t\t\t\t\t\t\t\t<section class=\"elementor-section elementor-top-section elementor-element elementor-element-0b1b390 elementor-section-stretched elementor-section-boxed elementor-section-height-default elementor-section-height-default\" data-id=\"0b1b390\" data-element_type=\"section\" data-settings=\"{&quot;stretch_section&quot;:&quot;section-stretched&quot;,&quot;background_background&quot;:&quot;classic&quot;}\">\n\t\t\t\t\t\t<div class=\"elementor-container elementor-column-gap-wide\">\n\t\t\t\t\t<div class=\"elementor-column elementor-col-50 elementor-top-column elementor-element elementor-element-a264d4d\" data-id=\"a264d4d\" data-element_type=\"column\">\n\t\t\t<div class=\"elementor-widget-wrap elementor-element-populated\">\n\t\t\t\t\t\t\t\t<div class=\"elementor-element elementor-element-6e21a28 elementor-widget elementor-widget-image\" data-id=\"6e21a28\" data-element_type=\"widget\" data-widget_type=\"image.default\">\n\t\t\t\t<div class=\"elementor-widget-container\">\n\t\t\t\t\t\t\t\t\t\t\t\t\t\t\t<img loading=\"lazy\" decoding=\"async\" width=\"768\" height=\"1153\" src=\"https:\/\/eglise-appeville.com\/wp-content\/uploads\/2023\/07\/eglise-appeville-campagne-768x1153.jpg\" class=\"attachment-medium_large size-medium_large wp-image-3264\" alt=\"\" srcset=\"https:\/\/eglise-appeville.com\/wp-content\/uploads\/2023\/07\/eglise-appeville-campagne-768x1153.jpg 768w, https:\/\/eglise-appeville.com\/wp-content\/uploads\/2023\/07\/eglise-appeville-campagne-200x300.jpg 200w, https:\/\/eglise-appeville.com\/wp-content\/uploads\/2023\/07\/eglise-appeville-campagne-682x1024.jpg 682w, https:\/\/eglise-appeville.com\/wp-content\/uploads\/2023\/07\/eglise-appeville-campagne.jpg 1000w\" sizes=\"auto, (max-width: 768px) 100vw, 768px\" \/>\t\t\t\t\t\t\t\t\t\t\t\t\t\t\t<\/div>\n\t\t\t\t<\/div>\n\t\t\t\t\t<\/div>\n\t\t<\/div>\n\t\t\t\t<div class=\"elementor-column elementor-col-50 elementor-top-column elementor-element elementor-element-de65ecd\" data-id=\"de65ecd\" data-element_type=\"column\">\n\t\t\t<div class=\"elementor-widget-wrap elementor-element-populated\">\n\t\t\t\t\t\t\t\t<div class=\"elementor-element elementor-element-4e911d4 elementor-widget elementor-widget-text-editor\" data-id=\"4e911d4\" data-element_type=\"widget\" data-widget_type=\"text-editor.default\">\n\t\t\t\t<div class=\"elementor-widget-container\">\n\t\t\t\t\t\t\t<p>Bienvenue sur ce site d\u00e9di\u00e9 \u00e0 l&rsquo;Eglise d&rsquo;Appeville.\u00a0<\/p>\t\t\t\t\t\t<\/div>\n\t\t\t\t<\/div>\n\t\t\t\t<div class=\"elementor-element elementor-element-ccdc7c3 elementor-widget elementor-widget-spacer\" data-id=\"ccdc7c3\" data-element_type=\"widget\" data-widget_type=\"spacer.default\">\n\t\t\t\t<div class=\"elementor-widget-container\">\n\t\t\t\t\t<div class=\"elementor-spacer\">\n\t\t\t<div class=\"elementor-spacer-inner\"><\/div>\n\t\t<\/div>\n\t\t\t\t<\/div>\n\t\t\t\t<\/div>\n\t\t\t\t<div class=\"elementor-element elementor-element-834670c elementor-widget elementor-widget-text-editor\" data-id=\"834670c\" data-element_type=\"widget\" data-widget_type=\"text-editor.default\">\n\t\t\t\t<div class=\"elementor-widget-container\">\n\t\t\t\t\t\t\t<p>L&rsquo;\u00e9glise Notre-Dame d&rsquo;Appeville<em> (et non Saint Etienne comme r\u00e9guli\u00e8ment mentionn\u00e9 sur Internet)<\/em> est un \u00e9difice catholique du d\u00e9but du XIIIe si\u00e8cle, qui se dresse sur le territoire de la commune fran\u00e7aise d&rsquo;Appeville, dans le d\u00e9partement de la Manche, en r\u00e9gion Normandie.<\/p><p><strong>L&rsquo;\u00e9glise est class\u00e9e Monument Historique depuis 1950.<\/strong><\/p>\t\t\t\t\t\t<\/div>\n\t\t\t\t<\/div>\n\t\t\t\t<div class=\"elementor-element elementor-element-1275e10 elementor-widget elementor-widget-spacer\" data-id=\"1275e10\" data-element_type=\"widget\" data-widget_type=\"spacer.default\">\n\t\t\t\t<div class=\"elementor-widget-container\">\n\t\t\t\t\t<div class=\"elementor-spacer\">\n\t\t\t<div class=\"elementor-spacer-inner\"><\/div>\n\t\t<\/div>\n\t\t\t\t<\/div>\n\t\t\t\t<\/div>\n\t\t\t\t<div class=\"elementor-element elementor-element-e309b6e elementor-widget elementor-widget-spacer\" data-id=\"e309b6e\" data-element_type=\"widget\" data-widget_type=\"spacer.default\">\n\t\t\t\t<div class=\"elementor-widget-container\">\n\t\t\t\t\t<div class=\"elementor-spacer\">\n\t\t\t<div class=\"elementor-spacer-inner\"><\/div>\n\t\t<\/div>\n\t\t\t\t<\/div>\n\t\t\t\t<\/div>\n\t\t\t\t<div class=\"elementor-element elementor-element-5d02e29 elementor-widget elementor-widget-heading\" data-id=\"5d02e29\" data-element_type=\"widget\" data-widget_type=\"heading.default\">\n\t\t\t\t<div class=\"elementor-widget-container\">\n\t\t\t<h3 class=\"elementor-heading-title elementor-size-default\">Restauration<\/h3>\t\t<\/div>\n\t\t\t\t<\/div>\n\t\t\t\t<div class=\"elementor-element elementor-element-69fcc22 elementor-widget elementor-widget-spacer\" data-id=\"69fcc22\" data-element_type=\"widget\" data-widget_type=\"spacer.default\">\n\t\t\t\t<div class=\"elementor-widget-container\">\n\t\t\t\t\t<div class=\"elementor-spacer\">\n\t\t\t<div class=\"elementor-spacer-inner\"><\/div>\n\t\t<\/div>\n\t\t\t\t<\/div>\n\t\t\t\t<\/div>\n\t\t\t\t<div class=\"elementor-element elementor-element-14fbd63 elementor-widget elementor-widget-text-editor\" data-id=\"14fbd63\" data-element_type=\"widget\" data-widget_type=\"text-editor.default\">\n\t\t\t\t<div class=\"elementor-widget-container\">\n\t\t\t\t\t\t\t<p>Aujourd&rsquo;hui, cette jolie b\u00e2tisse n\u00e9cessite des travaux de r\u00e9novations. C&rsquo;est pourquoi nous sommes \u00e0 la recherche de dons pour pr\u00e9server ce joyau du patrimoine appevillais.\u00a0<\/p>\t\t\t\t\t\t<\/div>\n\t\t\t\t<\/div>\n\t\t\t\t<div class=\"elementor-element elementor-element-971b76d elementor-widget elementor-widget-spacer\" data-id=\"971b76d\" data-element_type=\"widget\" data-widget_type=\"spacer.default\">\n\t\t\t\t<div class=\"elementor-widget-container\">\n\t\t\t\t\t<div class=\"elementor-spacer\">\n\t\t\t<div class=\"elementor-spacer-inner\"><\/div>\n\t\t<\/div>\n\t\t\t\t<\/div>\n\t\t\t\t<\/div>\n\t\t\t\t<div class=\"elementor-element elementor-element-d8d6385 elementor-widget elementor-widget-text-editor\" data-id=\"d8d6385\" data-element_type=\"widget\" data-widget_type=\"text-editor.default\">\n\t\t\t\t<div class=\"elementor-widget-container\">\n\t\t\t\t\t\t\t<p>D\u00e9couvrez sur cette page les r\u00e9novations d\u00e9j\u00e0 effectu\u00e9es<\/p>\t\t\t\t\t\t<\/div>\n\t\t\t\t<\/div>\n\t\t\t\t<div class=\"elementor-element elementor-element-7deb617 elementor-widget elementor-widget-spacer\" data-id=\"7deb617\" data-element_type=\"widget\" data-widget_type=\"spacer.default\">\n\t\t\t\t<div class=\"elementor-widget-container\">\n\t\t\t\t\t<div class=\"elementor-spacer\">\n\t\t\t<div class=\"elementor-spacer-inner\"><\/div>\n\t\t<\/div>\n\t\t\t\t<\/div>\n\t\t\t\t<\/div>\n\t\t\t\t<div class=\"elementor-element elementor-element-0c5f824 elementor-align-center elementor-widget elementor-widget-button\" data-id=\"0c5f824\" data-element_type=\"widget\" data-widget_type=\"button.default\">\n\t\t\t\t<div class=\"elementor-widget-container\">\n\t\t\t\t\t<div class=\"elementor-button-wrapper\">\n\t\t\t<a class=\"elementor-button elementor-button-link elementor-size-sm\" href=\"#\">\n\t\t\t\t\t\t<span class=\"elementor-button-content-wrapper\">\n\t\t\t\t\t\t<span class=\"elementor-button-text\">Contribuer<\/span>\n\t\t<\/span>\n\t\t\t\t\t<\/a>\n\t\t<\/div>\n\t\t\t\t<\/div>\n\t\t\t\t<\/div>\n\t\t\t\t\t<\/div>\n\t\t<\/div>\n\t\t\t\t\t\t\t<\/div>\n\t\t<\/section>\n\t\t\t\t\t\t\t<\/div>\n\t\t","protected":false},"excerpt":{"rendered":"<p>Bienvenue sur ce site d\u00e9di\u00e9 \u00e0 l&rsquo;Eglise d&rsquo;Appeville.\u00a0 L&rsquo;\u00e9glise Notre-Dame d&rsquo;Appeville (et non Saint Etienne comme r\u00e9guli\u00e8ment mentionn\u00e9 sur Internet) est un \u00e9difice catholique du d\u00e9but du XIIIe si\u00e8cle, qui&hellip;<\/p>\n","protected":false},"author":1,"featured_media":0,"parent":0,"menu_order":0,"comment_status":"closed","ping_status":"closed","template":"elementor_header_footer","meta":{"footnotes":""},"class_list":["post-5","page","type-page","status-publish","hentry"],"_links":{"self":[{"href":"https:\/\/eglise-appeville.com\/index.php\/wp-json\/wp\/v2\/pages\/5","targetHints":{"allow":["GET"]}}],"collection":[{"href":"https:\/\/eglise-appeville.com\/index.php\/wp-json\/wp\/v2\/pages"}],"about":[{"href":"https:\/\/eglise-appeville.com\/index.php\/wp-json\/wp\/v2\/types\/page"}],"author":[{"embeddable":true,"href":"https:\/\/eglise-appeville.com\/index.php\/wp-json\/wp\/v2\/users\/1"}],"replies":[{"embeddable":true,"href":"https:\/\/eglise-appeville.com\/index.php\/wp-json\/wp\/v2\/comments?post=5"}],"version-history":[{"count":27,"href":"https:\/\/eglise-appeville.com\/index.php\/wp-json\/wp\/v2\/pages\/5\/revisions"}],"predecessor-version":[{"id":3664,"href":"https:\/\/eglise-appeville.com\/index.php\/wp-json\/wp\/v2\/pages\/5\/revisions\/3664"}],"wp:attachment":[{"href":"https:\/\/eglise-appeville.com\/index.php\/wp-json\/wp\/v2\/media?parent=5"}],"curies":[{"name":"wp","href":"https:\/\/api.w.org\/{rel}","templated":true}]}}