{"id":3615,"date":"2023-08-28T13:58:31","date_gmt":"2023-08-28T11:58:31","guid":{"rendered":"https:\/\/eglise-appeville.com\/?page_id=3615"},"modified":"2023-08-28T14:27:20","modified_gmt":"2023-08-28T12:27:20","slug":"description","status":"publish","type":"page","link":"https:\/\/eglise-appeville.com\/index.php\/description\/","title":{"rendered":"Description"},"content":{"rendered":"\t\t<div data-elementor-type=\"wp-page\" data-elementor-id=\"3615\" class=\"elementor elementor-3615\" data-elementor-post-type=\"page\">\n\t\t\t\t\t\t\t\t\t<section class=\"elementor-section elementor-top-section elementor-element elementor-element-6c0cd6aa elementor-section-boxed elementor-section-height-default elementor-section-height-default\" data-id=\"6c0cd6aa\" data-element_type=\"section\">\n\t\t\t\t\t\t<div class=\"elementor-container elementor-column-gap-default\">\n\t\t\t\t\t<div class=\"elementor-column elementor-col-100 elementor-top-column elementor-element elementor-element-4b8a17e4\" data-id=\"4b8a17e4\" data-element_type=\"column\">\n\t\t\t<div class=\"elementor-widget-wrap elementor-element-populated\">\n\t\t\t\t\t\t<div class=\"elementor-element elementor-element-1dc2a74 e-flex e-con-boxed e-con\" data-id=\"1dc2a74\" data-element_type=\"container\" data-settings=\"{&quot;content_width&quot;:&quot;boxed&quot;}\">\n\t\t\t\t\t<div class=\"e-con-inner\">\n\t\t<div class=\"elementor-element elementor-element-dcddce3 e-flex e-con-boxed e-con\" data-id=\"dcddce3\" data-element_type=\"container\" data-settings=\"{&quot;content_width&quot;:&quot;boxed&quot;}\">\n\t\t\t\t\t<div class=\"e-con-inner\">\n\t\t\t\t<div class=\"elementor-element elementor-element-dd51c11 elementor-widget elementor-widget-text-editor\" data-id=\"dd51c11\" data-element_type=\"widget\" data-widget_type=\"text-editor.default\">\n\t\t\t\t<div class=\"elementor-widget-container\">\n\t\t\t\t\t\t\t<p><strong><em>Transcription du texte publi\u00e9 pr Mme Gabrielle Thiboult, dans le Dictionnaire des \u00e9glises de France, t.IV B, Normandie, Paris, Robert Laffont, 1968 <\/em><\/strong><\/p>\t\t\t\t\t\t<\/div>\n\t\t\t\t<\/div>\n\t\t\t\t\t<\/div>\n\t\t\t\t<\/div>\n\t\t\t\t\t<\/div>\n\t\t\t\t<\/div>\n\t\t\t\t\t<\/div>\n\t\t<\/div>\n\t\t\t\t\t\t\t<\/div>\n\t\t<\/section>\n\t\t<div class=\"elementor-element elementor-element-fe469d9 e-grid e-con-boxed e-con\" data-id=\"fe469d9\" data-element_type=\"container\" data-settings=\"{&quot;grid_columns_grid&quot;:{&quot;unit&quot;:&quot;fr&quot;,&quot;size&quot;:&quot;2&quot;,&quot;sizes&quot;:[]},&quot;grid_rows_grid&quot;:{&quot;unit&quot;:&quot;fr&quot;,&quot;size&quot;:&quot;1&quot;,&quot;sizes&quot;:[]},&quot;grid_rows_grid_mobile&quot;:{&quot;unit&quot;:&quot;fr&quot;,&quot;size&quot;:&quot;1&quot;,&quot;sizes&quot;:[]},&quot;content_width&quot;:&quot;boxed&quot;,&quot;grid_outline&quot;:&quot;yes&quot;,&quot;grid_columns_grid_tablet&quot;:{&quot;unit&quot;:&quot;fr&quot;,&quot;size&quot;:&quot;&quot;,&quot;sizes&quot;:[]},&quot;grid_columns_grid_mobile&quot;:{&quot;unit&quot;:&quot;fr&quot;,&quot;size&quot;:1,&quot;sizes&quot;:[]},&quot;grid_rows_grid_tablet&quot;:{&quot;unit&quot;:&quot;fr&quot;,&quot;size&quot;:&quot;&quot;,&quot;sizes&quot;:[]}}\">\n\t\t\t\t\t<div class=\"e-con-inner\">\n\t\t\t\t<div class=\"elementor-element elementor-element-2452343 elementor-widget elementor-widget-text-editor\" data-id=\"2452343\" data-element_type=\"widget\" data-widget_type=\"text-editor.default\">\n\t\t\t\t<div class=\"elementor-widget-container\">\n\t\t\t\t\t\t\t<p>\u00a0L\u2019\u00e9glise d\u2019Appeville (d\u00e9pendant jadis de l\u2019abbaye de Lessay) est remarquable par la qualit\u00e9 de son style,\u00a0la grande homog\u00e9n\u00e9it\u00e9 de sa construction ex\u00e9cut\u00e9e en une seule campagne au d\u00e9but du XIII<sup>\u00e8me<\/sup>\u00a0si\u00e8cle, et aussi par l\u2019\u00e9tat dans lequel elle nous est parvenue\u00a0: presque sans retouches, <strong>expression quasi parfaite de l\u2019art gothique rural du Cotentin.<\/strong><\/p>\n<p>Le plan est simple et r\u00e9gulier\u00a0: ch\u0153ur et nef uniques \u00e0 peu pr\u00e8s de m\u00eames proportions, transept saillant et chevet plat; au centre de l\u2019\u00e9difice, une tour carr\u00e9e formant tour-lanterne et clocher, parachev\u00e9e par une fl\u00e8che \u00e9lanc\u00e9e.<\/p>\t\t\t\t\t\t<\/div>\n\t\t\t\t<\/div>\n\t\t\t\t<div class=\"elementor-element elementor-element-7e8b7b4 elementor-widget elementor-widget-image\" data-id=\"7e8b7b4\" data-element_type=\"widget\" data-widget_type=\"image.default\">\n\t\t\t\t<div class=\"elementor-widget-container\">\n\t\t\t\t\t\t\t\t\t\t\t\t\t\t\t<img decoding=\"async\" src=\"https:\/\/eglise-appeville.com\/wp-content\/uploads\/elementor\/thumbs\/WhatsApp-Image-2023-08-28-at-13.17.18-25_11zon-1-qbkrl9aybrtnrvygua9g13stetvp7no6m0hjuwotk6.jpeg\" title=\"Eglise appeville\" alt=\"Eglise appeville\" loading=\"lazy\" \/>\t\t\t\t\t\t\t\t\t\t\t\t\t\t\t<\/div>\n\t\t\t\t<\/div>\n\t\t\t\t\t<\/div>\n\t\t\t\t<\/div>\n\t\t<div class=\"elementor-element elementor-element-60e6f07 e-flex e-con-boxed e-con\" data-id=\"60e6f07\" data-element_type=\"container\" data-settings=\"{&quot;content_width&quot;:&quot;boxed&quot;}\">\n\t\t\t\t\t<div class=\"e-con-inner\">\n\t\t<div class=\"elementor-element elementor-element-def4d5f e-grid e-con-boxed e-con\" data-id=\"def4d5f\" data-element_type=\"container\" data-settings=\"{&quot;grid_columns_grid&quot;:{&quot;unit&quot;:&quot;fr&quot;,&quot;size&quot;:2,&quot;sizes&quot;:[]},&quot;content_width&quot;:&quot;boxed&quot;,&quot;grid_outline&quot;:&quot;yes&quot;,&quot;grid_columns_grid_tablet&quot;:{&quot;unit&quot;:&quot;fr&quot;,&quot;size&quot;:&quot;&quot;,&quot;sizes&quot;:[]},&quot;grid_columns_grid_mobile&quot;:{&quot;unit&quot;:&quot;fr&quot;,&quot;size&quot;:1,&quot;sizes&quot;:[]},&quot;grid_rows_grid&quot;:{&quot;unit&quot;:&quot;fr&quot;,&quot;size&quot;:2,&quot;sizes&quot;:[]},&quot;grid_rows_grid_tablet&quot;:{&quot;unit&quot;:&quot;fr&quot;,&quot;size&quot;:&quot;&quot;,&quot;sizes&quot;:[]},&quot;grid_rows_grid_mobile&quot;:{&quot;unit&quot;:&quot;fr&quot;,&quot;size&quot;:&quot;&quot;,&quot;sizes&quot;:[]}}\">\n\t\t\t\t\t<div class=\"e-con-inner\">\n\t\t\t\t<div class=\"elementor-element elementor-element-807de09 elementor-widget elementor-widget-image\" data-id=\"807de09\" data-element_type=\"widget\" data-widget_type=\"image.default\">\n\t\t\t\t<div class=\"elementor-widget-container\">\n\t\t\t\t\t\t\t\t\t\t\t\t\t\t\t<img loading=\"lazy\" decoding=\"async\" width=\"1024\" height=\"768\" src=\"https:\/\/eglise-appeville.com\/wp-content\/uploads\/2023\/08\/WhatsApp-Image-2023-08-28-at-13.17.18-14_11zon-1.jpeg\" class=\"attachment-large size-large wp-image-3605\" alt=\"\" srcset=\"https:\/\/eglise-appeville.com\/wp-content\/uploads\/2023\/08\/WhatsApp-Image-2023-08-28-at-13.17.18-14_11zon-1.jpeg 1024w, https:\/\/eglise-appeville.com\/wp-content\/uploads\/2023\/08\/WhatsApp-Image-2023-08-28-at-13.17.18-14_11zon-1-300x225.jpeg 300w, https:\/\/eglise-appeville.com\/wp-content\/uploads\/2023\/08\/WhatsApp-Image-2023-08-28-at-13.17.18-14_11zon-1-768x576.jpeg 768w\" sizes=\"auto, (max-width: 1024px) 100vw, 1024px\" \/>\t\t\t\t\t\t\t\t\t\t\t\t\t\t\t<\/div>\n\t\t\t\t<\/div>\n\t\t\t\t<div class=\"elementor-element elementor-element-77a1c2d elementor-widget elementor-widget-text-editor\" data-id=\"77a1c2d\" data-element_type=\"widget\" data-widget_type=\"text-editor.default\">\n\t\t\t\t<div class=\"elementor-widget-container\">\n\t\t\t\t\t\t\t<p>Deux vo\u00fbtes sexpartites couvrent <strong>le ch\u0153ur,<\/strong> correspondant \u00e0 une alternance des supports\u00a0: courtes colonnettes reposant sur des culots pour les ogives interm\u00e9diaires, colonnettes plus importantes et partant du sol, entre les deux trav\u00e9es. Les chapiteaux sont \u00e0 crochets peu d\u00e9velopp\u00e9s dont le bourgeon terminal forme boule, les tailloirs carr\u00e9s ; l\u2019appui des fen\u00eatres est \u00e0 degr\u00e9s tandis que des colonnettes et un boudin moulur\u00e9 en bordent l\u2019\u00e9brasement, qui dessine un arc bris\u00e9 assez aigu. Tous ces caract\u00e8res, ainsi que le triplet qui ajoure le chevet, indiquent nettement une \u0153uvre du d\u00e9but de l\u2019art gothique.<\/p>\t\t\t\t\t\t<\/div>\n\t\t\t\t<\/div>\n\t\t\t\t<div class=\"elementor-element elementor-element-9dd25ca elementor-widget elementor-widget-text-editor\" data-id=\"9dd25ca\" data-element_type=\"widget\" data-widget_type=\"text-editor.default\">\n\t\t\t\t<div class=\"elementor-widget-container\">\n\t\t\t\t\t\t\t<p>\u00a0<\/p>\n<p>La m\u00eame ordonnance se retrouve dans les croisillons\u00a0couverts chacun d\u2019une vo\u00fbte \u00e0 cinq branches d\u2019ogive, et toute l\u2019importance du transept para\u00eet r\u00e9serv\u00e9e \u00e0 la<strong> tour-lanterne<\/strong> dont la vo\u00fbte octo-partite rythme les baies et les supports.<\/p>\n<p><strong>La nef<\/strong> reproduit \u00e0 peu pr\u00e8s les dispositions du ch\u0153ur; certaines baies ont \u00e9t\u00e9 remani\u00e9es post\u00e9rieurement. Un raccord un peu maladroit entre transept et nef\u00a0 semble indiquer que celle ci a \u00e9t\u00e9 commenc\u00e9e par la partie occidentale; les vo\u00fbtes sexpartites actuelles ont remplac\u00e9 en 1876-1877 un lambris de bois, mais selon toute vraisemblance de telles vo\u00fbtes avaient exist\u00e9 \u00e0 l\u2019origine.<\/p>\t\t\t\t\t\t<\/div>\n\t\t\t\t<\/div>\n\t\t\t\t<div class=\"elementor-element elementor-element-2ce3438 elementor-widget elementor-widget-image\" data-id=\"2ce3438\" data-element_type=\"widget\" data-widget_type=\"image.default\">\n\t\t\t\t<div class=\"elementor-widget-container\">\n\t\t\t\t\t\t\t\t\t\t\t\t\t\t\t<img loading=\"lazy\" decoding=\"async\" width=\"1024\" height=\"768\" src=\"https:\/\/eglise-appeville.com\/wp-content\/uploads\/2023\/08\/WhatsApp-Image-2023-08-28-at-13.17.18-13_11zon-1.jpeg\" class=\"attachment-large size-large wp-image-3610\" alt=\"\" srcset=\"https:\/\/eglise-appeville.com\/wp-content\/uploads\/2023\/08\/WhatsApp-Image-2023-08-28-at-13.17.18-13_11zon-1.jpeg 1024w, https:\/\/eglise-appeville.com\/wp-content\/uploads\/2023\/08\/WhatsApp-Image-2023-08-28-at-13.17.18-13_11zon-1-300x225.jpeg 300w, https:\/\/eglise-appeville.com\/wp-content\/uploads\/2023\/08\/WhatsApp-Image-2023-08-28-at-13.17.18-13_11zon-1-768x576.jpeg 768w\" sizes=\"auto, (max-width: 1024px) 100vw, 1024px\" \/>\t\t\t\t\t\t\t\t\t\t\t\t\t\t\t<\/div>\n\t\t\t\t<\/div>\n\t\t\t\t<div class=\"elementor-element elementor-element-4f0a4e9 elementor-widget elementor-widget-image\" data-id=\"4f0a4e9\" data-element_type=\"widget\" data-widget_type=\"image.default\">\n\t\t\t\t<div class=\"elementor-widget-container\">\n\t\t\t\t\t\t\t\t\t\t\t\t\t\t\t<img loading=\"lazy\" decoding=\"async\" width=\"1024\" height=\"768\" src=\"https:\/\/eglise-appeville.com\/wp-content\/uploads\/2023\/08\/WhatsApp-Image-2023-08-28-at-13.17.18-22_11zon-1.jpeg\" class=\"attachment-large size-large wp-image-3607\" alt=\"\" srcset=\"https:\/\/eglise-appeville.com\/wp-content\/uploads\/2023\/08\/WhatsApp-Image-2023-08-28-at-13.17.18-22_11zon-1.jpeg 1024w, https:\/\/eglise-appeville.com\/wp-content\/uploads\/2023\/08\/WhatsApp-Image-2023-08-28-at-13.17.18-22_11zon-1-300x225.jpeg 300w, https:\/\/eglise-appeville.com\/wp-content\/uploads\/2023\/08\/WhatsApp-Image-2023-08-28-at-13.17.18-22_11zon-1-768x576.jpeg 768w\" sizes=\"auto, (max-width: 1024px) 100vw, 1024px\" \/>\t\t\t\t\t\t\t\t\t\t\t\t\t\t\t<\/div>\n\t\t\t\t<\/div>\n\t\t\t\t<div class=\"elementor-element elementor-element-3a3d1f1 elementor-widget elementor-widget-text-editor\" data-id=\"3a3d1f1\" data-element_type=\"widget\" data-widget_type=\"text-editor.default\">\n\t\t\t\t<div class=\"elementor-widget-container\">\n\t\t\t\t\t\t\t<p>A l\u2019ext\u00e9rieur, <strong>une d\u00e9licate corniche<\/strong> form\u00e9e de petits arcs bris\u00e9s group\u00e9s deux par deux sous des arcades en plein cintre souligne le sommet des murs du ch\u0153ur et des croisillons ; les contreforts (certains ont \u00e9t\u00e9 renforc\u00e9s) correspondent \u00e0 l\u2019alternance des supports int\u00e9rieurs. Un petit portail s\u2019ouvrait au sud.<\/p>\n<p>Dans la premi\u00e8re trav\u00e9e du ch\u0153ur, analogue au portail de la fa\u00e7ade, tr\u00e8s simple. Un porche, curieusement couvert aussi d\u2019une vo\u00fbte sexpartite, a \u00e9t\u00e9 ajout\u00e9 en avant de la fa\u00e7ade au XV<sup>\u00e8me<\/sup> si\u00e8cle et une sacristie (XVIII<sup>\u00e8me<\/sup> \u00a0si\u00e8cle) au chevet.<\/p>\n<p>C\u2019est surtout la tour qui attire et retient le regard\u00a0: une s\u00e9rie d\u2019arcades tr\u00e8s allong\u00e9es confondent en un seul les deux \u00e9tages tour-lanterne et clocher, all\u00e9geant ainsi la silhouette, et divers motifs\u00a0en creux s\u2019inscrivent entre les arcs. Enfin, une haute fl\u00e8che compl\u00e8te l\u2019\u00e9l\u00e9gance de l\u2019ensemble.<\/p>\t\t\t\t\t\t<\/div>\n\t\t\t\t<\/div>\n\t\t\t\t<div class=\"elementor-element elementor-element-da2f078 elementor-widget elementor-widget-text-editor\" data-id=\"da2f078\" data-element_type=\"widget\" data-widget_type=\"text-editor.default\">\n\t\t\t\t<div class=\"elementor-widget-container\">\n\t\t\t\t\t\t\t<p><strong>Le mobilier<\/strong><\/p>\n<p>En visitant l&rsquo;\u00e9glise l&rsquo;attention doit\u00a0se porter sur\u00a0:<\/p>\n<p><strong>Dans le choeur<\/strong><\/p>\n<p>&#8211; Ma\u00eetre-autel en bois dor\u00e9 et polychrome fin XVIII\u00e8me si\u00e8cle<br \/>&#8211; Stalles en ch\u00eane sculpt\u00e9 XVIII\u00e8me si\u00e8cle<br \/>&#8211; Vierge \u00e0 l&rsquo;enfant assise, bois polychrome XVII\u00e8me si\u00e8cle<br \/>&#8211; Lutrin \u00e0 l&rsquo;aigle, bois or et blanc d&rsquo;origine XVIII\u00e8me si\u00e8cle<\/p>\n<p><strong>Dans la nef<\/strong><\/p>\n<p>&#8211; Chaire en ch\u00eane sculpt\u00e9 XVIII\u00e8me si\u00e8cle (coeur enflamm\u00e9 et harpes)<br \/>&#8211; B\u00e9nitier sur pi\u00e9destal octogonal en calcaire XVI\u00e8me si\u00e8cle (entr\u00e9e nord)<br \/>&#8211; Cuve baptismale en pierre calcaire, \u00e0 godrons, \u00e9poque m\u00e9di\u00e9vale<em><br \/><\/em><em>&#8211; Fonts baptismaux en marbre du XIX\u00e8me si\u00e8cle\u00a0<\/em><\/p>\n<p><em>Il faut \u00e9galement noter la Perque et Christ en bois peint et dor\u00e9 d\u00e9but XVIII\u00e8me si\u00e8cle<\/em><\/p>\t\t\t\t\t\t<\/div>\n\t\t\t\t<\/div>\n\t\t\t\t<div class=\"elementor-element elementor-element-a9d0250 elementor-widget elementor-widget-image\" data-id=\"a9d0250\" data-element_type=\"widget\" data-widget_type=\"image.default\">\n\t\t\t\t<div class=\"elementor-widget-container\">\n\t\t\t\t\t\t\t\t\t\t\t\t\t\t\t<img loading=\"lazy\" decoding=\"async\" width=\"1024\" height=\"921\" src=\"https:\/\/eglise-appeville.com\/wp-content\/uploads\/2023\/08\/autel-1024x921.jpg\" class=\"attachment-large size-large wp-image-3626\" alt=\"\" srcset=\"https:\/\/eglise-appeville.com\/wp-content\/uploads\/2023\/08\/autel-1024x921.jpg 1024w, https:\/\/eglise-appeville.com\/wp-content\/uploads\/2023\/08\/autel-300x270.jpg 300w, https:\/\/eglise-appeville.com\/wp-content\/uploads\/2023\/08\/autel-768x691.jpg 768w, https:\/\/eglise-appeville.com\/wp-content\/uploads\/2023\/08\/autel-1536x1381.jpg 1536w, https:\/\/eglise-appeville.com\/wp-content\/uploads\/2023\/08\/autel-2048x1841.jpg 2048w\" sizes=\"auto, (max-width: 1024px) 100vw, 1024px\" \/>\t\t\t\t\t\t\t\t\t\t\t\t\t\t\t<\/div>\n\t\t\t\t<\/div>\n\t\t\t\t\t<\/div>\n\t\t\t\t<\/div>\n\t\t\t\t\t<\/div>\n\t\t\t\t<\/div>\n\t\t\t\t\t\t\t<\/div>\n\t\t","protected":false},"excerpt":{"rendered":"<p>Transcription du texte publi\u00e9 pr Mme Gabrielle Thiboult, dans le Dictionnaire des \u00e9glises de France, t.IV B, Normandie, Paris, Robert Laffont, 1968 \u00a0L\u2019\u00e9glise d\u2019Appeville (d\u00e9pendant jadis de l\u2019abbaye de Lessay)&hellip;<\/p>\n","protected":false},"author":1,"featured_media":0,"parent":0,"menu_order":0,"comment_status":"closed","ping_status":"closed","template":"","meta":{"footnotes":""},"class_list":["post-3615","page","type-page","status-publish","hentry"],"_links":{"self":[{"href":"https:\/\/eglise-appeville.com\/index.php\/wp-json\/wp\/v2\/pages\/3615","targetHints":{"allow":["GET"]}}],"collection":[{"href":"https:\/\/eglise-appeville.com\/index.php\/wp-json\/wp\/v2\/pages"}],"about":[{"href":"https:\/\/eglise-appeville.com\/index.php\/wp-json\/wp\/v2\/types\/page"}],"author":[{"embeddable":true,"href":"https:\/\/eglise-appeville.com\/index.php\/wp-json\/wp\/v2\/users\/1"}],"replies":[{"embeddable":true,"href":"https:\/\/eglise-appeville.com\/index.php\/wp-json\/wp\/v2\/comments?post=3615"}],"version-history":[{"count":13,"href":"https:\/\/eglise-appeville.com\/index.php\/wp-json\/wp\/v2\/pages\/3615\/revisions"}],"predecessor-version":[{"id":3632,"href":"https:\/\/eglise-appeville.com\/index.php\/wp-json\/wp\/v2\/pages\/3615\/revisions\/3632"}],"wp:attachment":[{"href":"https:\/\/eglise-appeville.com\/index.php\/wp-json\/wp\/v2\/media?parent=3615"}],"curies":[{"name":"wp","href":"https:\/\/api.w.org\/{rel}","templated":true}]}}