{"id":271,"date":"2020-03-09T09:28:35","date_gmt":"2020-03-09T09:28:35","guid":{"rendered":"https:\/\/the7.io\/fashion-blog\/?page_id=271"},"modified":"2023-08-28T16:27:07","modified_gmt":"2023-08-28T14:27:07","slug":"about","status":"publish","type":"page","link":"https:\/\/eglise-appeville.com\/index.php\/about\/","title":{"rendered":"ASSOCIATION"},"content":{"rendered":"\t\t<div data-elementor-type=\"wp-page\" data-elementor-id=\"271\" class=\"elementor elementor-271\" data-elementor-post-type=\"page\">\n\t\t\t\t\t\t\t<div class=\"elementor-element elementor-element-43802da e-flex e-con-boxed e-con\" data-id=\"43802da\" data-element_type=\"container\" data-settings=\"{&quot;content_width&quot;:&quot;boxed&quot;}\">\n\t\t\t\t\t<div class=\"e-con-inner\">\n\t\t<div class=\"elementor-element elementor-element-114fb7e e-con-full e-flex e-con\" data-id=\"114fb7e\" data-element_type=\"container\" data-settings=\"{&quot;content_width&quot;:&quot;full&quot;}\">\n\t\t\t\t<div class=\"elementor-element elementor-element-1815752 elementor-widget elementor-widget-text-editor\" data-id=\"1815752\" data-element_type=\"widget\" data-widget_type=\"text-editor.default\">\n\t\t\t\t<div class=\"elementor-widget-container\">\n\t\t\t\t\t\t\t<p>L\u2019association du patrimoine d\u2019Appeville\u00a0est une <strong>association loi 1901<\/strong> cr\u00e9\u00e9e le 19 mars 2009 \u00e0 Appeville.<\/p><p>Son but est de<strong> permettre \u00e0 la commune d\u2019Appeville de restaurer la magnifique \u00e9glise gothique<\/strong> que lui ont laiss\u00e9 ses anc\u00eatres.<\/p><p style=\"caret-color: #000000; color: #000000;\">La restauration de l\u2019\u00e9glise, chantier d\u00e9but\u00e9 depuis plusieurs ann\u00e9es, n&rsquo;est pas encore arriv\u00e9e \u00e0 son terme. Les travaux sont co\u00fbteux et, malgr\u00e9 les subventions,<strong> la commune a besoin d\u2019aides.<\/strong><\/p><p style=\"caret-color: #000000; color: #000000;\">Dans ce but, une association a \u00e9t\u00e9 cr\u00e9\u00e9e <strong>en partenariat avec la Fondation du Patrimoine<\/strong> pour aider la collectivit\u00e9 locale \u00e0 mener \u00e0 bien ce chantier.<\/p><p><strong>Le Conseil d\u2019administration<\/strong> est compos\u00e9 de:<\/p><ul><li>Genevi\u00e8ve Testa, Pr\u00e9sidente<\/li><li>Isabelle Beaujour, Vice-pr\u00e9sidente<\/li><li>Bernadette Leblanc, Secr\u00e9taire<\/li><li>Fabienne Marion, Secr\u00e9taire adjointe<\/li><li>Michel Leblanc, Tr\u00e9sorier<\/li><li>Patrice Paternoster, Tr\u00e9sorier adjoint<\/li><li>Alexia Rabelle, Webmaster<\/li><li>Catherine Testa, Cr\u00e9ation de contenus, photos et videos<\/li><li>Emmanuel de Clermont Tonnerre, Dominique Marie, Charles Auvray, Alice Mauduit, Roland Leloup, Florence Reussard, Marie-Joseph Viatg\u00e9, Membres<\/li><\/ul>\t\t\t\t\t\t<\/div>\n\t\t\t\t<\/div>\n\t\t\t\t<\/div>\n\t\t<div class=\"elementor-element elementor-element-24bbc6e e-con-full e-flex e-con\" data-id=\"24bbc6e\" data-element_type=\"container\" data-settings=\"{&quot;content_width&quot;:&quot;full&quot;}\">\n\t\t\t\t<div class=\"elementor-element elementor-element-063aa16 elementor-widget elementor-widget-image\" data-id=\"063aa16\" data-element_type=\"widget\" data-widget_type=\"image.default\">\n\t\t\t\t<div class=\"elementor-widget-container\">\n\t\t\t\t\t\t\t\t\t\t\t\t\t\t\t<img loading=\"lazy\" decoding=\"async\" width=\"600\" height=\"842\" src=\"https:\/\/eglise-appeville.com\/wp-content\/uploads\/2023\/07\/photo-de-nuit.jpg\" class=\"attachment-large size-large wp-image-3347\" alt=\"\" srcset=\"https:\/\/eglise-appeville.com\/wp-content\/uploads\/2023\/07\/photo-de-nuit.jpg 600w, https:\/\/eglise-appeville.com\/wp-content\/uploads\/2023\/07\/photo-de-nuit-214x300.jpg 214w\" sizes=\"auto, (max-width: 600px) 100vw, 600px\" \/>\t\t\t\t\t\t\t\t\t\t\t\t\t\t\t<\/div>\n\t\t\t\t<\/div>\n\t\t\t\t<\/div>\n\t\t\t\t\t<\/div>\n\t\t\t\t<\/div>\n\t\t<div class=\"elementor-element elementor-element-aeda7df e-grid e-con-boxed e-con\" data-id=\"aeda7df\" data-element_type=\"container\" data-settings=\"{&quot;grid_columns_grid&quot;:{&quot;unit&quot;:&quot;fr&quot;,&quot;size&quot;:5,&quot;sizes&quot;:[]},&quot;grid_rows_grid&quot;:{&quot;unit&quot;:&quot;fr&quot;,&quot;size&quot;:1,&quot;sizes&quot;:[]},&quot;grid_rows_grid_mobile&quot;:{&quot;unit&quot;:&quot;fr&quot;,&quot;size&quot;:&quot;2&quot;,&quot;sizes&quot;:[]},&quot;content_width&quot;:&quot;boxed&quot;,&quot;grid_outline&quot;:&quot;yes&quot;,&quot;grid_columns_grid_tablet&quot;:{&quot;unit&quot;:&quot;fr&quot;,&quot;size&quot;:&quot;&quot;,&quot;sizes&quot;:[]},&quot;grid_columns_grid_mobile&quot;:{&quot;unit&quot;:&quot;fr&quot;,&quot;size&quot;:1,&quot;sizes&quot;:[]},&quot;grid_rows_grid_tablet&quot;:{&quot;unit&quot;:&quot;fr&quot;,&quot;size&quot;:&quot;&quot;,&quot;sizes&quot;:[]}}\">\n\t\t\t\t\t<div class=\"e-con-inner\">\n\t\t\t\t<div class=\"elementor-element elementor-element-5d7f009 elementor-widget elementor-widget-image\" data-id=\"5d7f009\" data-element_type=\"widget\" data-widget_type=\"image.default\">\n\t\t\t\t<div class=\"elementor-widget-container\">\n\t\t\t\t\t\t\t\t\t\t\t\t\t\t\t<img decoding=\"async\" src=\"https:\/\/eglise-appeville.com\/wp-content\/uploads\/elementor\/thumbs\/mur-avant-qbkugrb0rrp89gw5f4musjuag4qcy2a84p0xpdkpog.jpg\" title=\"mur avant\" alt=\"mur avant\" loading=\"lazy\" \/>\t\t\t\t\t\t\t\t\t\t\t\t\t\t\t<\/div>\n\t\t\t\t<\/div>\n\t\t\t\t<div class=\"elementor-element elementor-element-50b4c32 elementor-widget elementor-widget-image\" data-id=\"50b4c32\" data-element_type=\"widget\" data-widget_type=\"image.default\">\n\t\t\t\t<div class=\"elementor-widget-container\">\n\t\t\t\t\t\t\t\t\t\t\t\t\t\t\t<img decoding=\"async\" src=\"https:\/\/eglise-appeville.com\/wp-content\/uploads\/elementor\/thumbs\/porche-avant-2_11zon-qbe5dr8aywsvmwo25na9fskcxz4w1wkdi15we77k00.jpg\" title=\"porche avant 2_11zon\" alt=\"porche avant 2_11zon\" loading=\"lazy\" \/>\t\t\t\t\t\t\t\t\t\t\t\t\t\t\t<\/div>\n\t\t\t\t<\/div>\n\t\t\t\t<div class=\"elementor-element elementor-element-9d315e8 elementor-widget elementor-widget-heading\" data-id=\"9d315e8\" data-element_type=\"widget\" data-widget_type=\"heading.default\">\n\t\t\t\t<div class=\"elementor-widget-container\">\n\t\t\t<h5 class=\"elementor-heading-title elementor-size-default\">L'\u00e9glise avant le d\u00e9but des travaux de restauration<\/h5>\t\t<\/div>\n\t\t\t\t<\/div>\n\t\t\t\t<div class=\"elementor-element elementor-element-afdb133 elementor-widget elementor-widget-image\" data-id=\"afdb133\" data-element_type=\"widget\" data-widget_type=\"image.default\">\n\t\t\t\t<div class=\"elementor-widget-container\">\n\t\t\t\t\t\t\t\t\t\t\t\t\t\t\t<img loading=\"lazy\" decoding=\"async\" width=\"1024\" height=\"768\" src=\"https:\/\/eglise-appeville.com\/wp-content\/uploads\/2023\/08\/chapelle-1_11zon-1024x768.jpg\" class=\"attachment-large size-large wp-image-3556\" alt=\"\" srcset=\"https:\/\/eglise-appeville.com\/wp-content\/uploads\/2023\/08\/chapelle-1_11zon-1024x768.jpg 1024w, https:\/\/eglise-appeville.com\/wp-content\/uploads\/2023\/08\/chapelle-1_11zon-300x225.jpg 300w, https:\/\/eglise-appeville.com\/wp-content\/uploads\/2023\/08\/chapelle-1_11zon-768x576.jpg 768w, https:\/\/eglise-appeville.com\/wp-content\/uploads\/2023\/08\/chapelle-1_11zon-1536x1152.jpg 1536w, https:\/\/eglise-appeville.com\/wp-content\/uploads\/2023\/08\/chapelle-1_11zon.jpg 1600w\" sizes=\"auto, (max-width: 1024px) 100vw, 1024px\" \/>\t\t\t\t\t\t\t\t\t\t\t\t\t\t\t<\/div>\n\t\t\t\t<\/div>\n\t\t\t\t<div class=\"elementor-element elementor-element-71b2f48 elementor-widget elementor-widget-image\" data-id=\"71b2f48\" data-element_type=\"widget\" data-widget_type=\"image.default\">\n\t\t\t\t<div class=\"elementor-widget-container\">\n\t\t\t\t\t\t\t\t\t\t\t\t\t\t\t<img loading=\"lazy\" decoding=\"async\" width=\"1024\" height=\"768\" src=\"https:\/\/eglise-appeville.com\/wp-content\/uploads\/2023\/08\/enduit-4_11zon-1024x768.jpg\" class=\"attachment-large size-large wp-image-3566\" alt=\"\" srcset=\"https:\/\/eglise-appeville.com\/wp-content\/uploads\/2023\/08\/enduit-4_11zon-1024x768.jpg 1024w, https:\/\/eglise-appeville.com\/wp-content\/uploads\/2023\/08\/enduit-4_11zon-300x225.jpg 300w, https:\/\/eglise-appeville.com\/wp-content\/uploads\/2023\/08\/enduit-4_11zon-768x576.jpg 768w, https:\/\/eglise-appeville.com\/wp-content\/uploads\/2023\/08\/enduit-4_11zon-1536x1152.jpg 1536w, https:\/\/eglise-appeville.com\/wp-content\/uploads\/2023\/08\/enduit-4_11zon.jpg 1600w\" sizes=\"auto, (max-width: 1024px) 100vw, 1024px\" \/>\t\t\t\t\t\t\t\t\t\t\t\t\t\t\t<\/div>\n\t\t\t\t<\/div>\n\t\t\t\t\t<\/div>\n\t\t\t\t<\/div>\n\t\t\t\t<section class=\"elementor-section elementor-top-section elementor-element elementor-element-c3aad7a elementor-section-boxed elementor-section-height-default elementor-section-height-default\" data-id=\"c3aad7a\" data-element_type=\"section\">\n\t\t\t\t\t\t<div class=\"elementor-container elementor-column-gap-wide\">\n\t\t\t\t\t<div class=\"elementor-column elementor-col-100 elementor-top-column elementor-element elementor-element-53dda0b\" data-id=\"53dda0b\" data-element_type=\"column\">\n\t\t\t<div class=\"elementor-widget-wrap elementor-element-populated\">\n\t\t\t\t\t\t\t\t<div class=\"elementor-element elementor-element-7947df2 elementor-widget elementor-widget-heading\" data-id=\"7947df2\" data-element_type=\"widget\" data-widget_type=\"heading.default\">\n\t\t\t\t<div class=\"elementor-widget-container\">\n\t\t\t<h2 class=\"elementor-heading-title elementor-size-default\">Adh\u00e9rer \u00e0 l'association<\/h2>\t\t<\/div>\n\t\t\t\t<\/div>\n\t\t\t\t<div class=\"elementor-element elementor-element-ae629dc elementor-widget elementor-widget-spacer\" data-id=\"ae629dc\" data-element_type=\"widget\" data-widget_type=\"spacer.default\">\n\t\t\t\t<div class=\"elementor-widget-container\">\n\t\t\t\t\t<div class=\"elementor-spacer\">\n\t\t\t<div class=\"elementor-spacer-inner\"><\/div>\n\t\t<\/div>\n\t\t\t\t<\/div>\n\t\t\t\t<\/div>\n\t\t\t\t<div class=\"elementor-element elementor-element-c72be07 elementor-widget elementor-widget-heading\" data-id=\"c72be07\" data-element_type=\"widget\" data-widget_type=\"heading.default\">\n\t\t\t\t<div class=\"elementor-widget-container\">\n\t\t\t<h3 class=\"elementor-heading-title elementor-size-default\">Vous souhaitez adh\u00e9rer \u00e0 l'association et soutenir la restauration de l'\u00e9glise ?<\/h3>\t\t<\/div>\n\t\t\t\t<\/div>\n\t\t\t\t<div class=\"elementor-element elementor-element-929a0f5 elementor-widget elementor-widget-text-editor\" data-id=\"929a0f5\" data-element_type=\"widget\" data-widget_type=\"text-editor.default\">\n\t\t\t\t<div class=\"elementor-widget-container\">\n\t\t\t\t\t\t\t<p>T\u00e9l\u00e9chargez le bulletin \u00e0 nous retourner par mail \u00e0 : <a href=\"mailto:genevieve.testa@orange.fr\" target=\"_blank\" rel=\"noopener\">genevieve.testa@orange.fr<\/a><\/p>\t\t\t\t\t\t<\/div>\n\t\t\t\t<\/div>\n\t\t\t\t<div class=\"elementor-element elementor-element-a2e1594 elementor-widget elementor-widget-spacer\" data-id=\"a2e1594\" data-element_type=\"widget\" data-widget_type=\"spacer.default\">\n\t\t\t\t<div class=\"elementor-widget-container\">\n\t\t\t\t\t<div class=\"elementor-spacer\">\n\t\t\t<div class=\"elementor-spacer-inner\"><\/div>\n\t\t<\/div>\n\t\t\t\t<\/div>\n\t\t\t\t<\/div>\n\t\t\t\t<div class=\"elementor-element elementor-element-a07a9d6 elementor-align-center elementor-widget elementor-widget-the7_button_widget\" data-id=\"a07a9d6\" data-element_type=\"widget\" data-widget_type=\"the7_button_widget.default\">\n\t\t\t\t<div class=\"elementor-widget-container\">\n\t\t\t<div class=\"elementor-button-wrapper\"><a href=\"https:\/\/eglise-appeville.com\/wp-content\/uploads\/2023\/08\/bulletin-association-appeville-2023-2024.pdf\" class=\"box-button elementor-button elementor-size-xl\">T\u00e9l\u00e9charger le bulletin<\/a><\/div>\t\t<\/div>\n\t\t\t\t<\/div>\n\t\t\t\t<div class=\"elementor-element elementor-element-1da2a20 elementor-widget-divider--view-line elementor-widget elementor-widget-divider\" data-id=\"1da2a20\" data-element_type=\"widget\" data-widget_type=\"divider.default\">\n\t\t\t\t<div class=\"elementor-widget-container\">\n\t\t\t\t\t<div class=\"elementor-divider\">\n\t\t\t<span class=\"elementor-divider-separator\">\n\t\t\t\t\t\t<\/span>\n\t\t<\/div>\n\t\t\t\t<\/div>\n\t\t\t\t<\/div>\n\t\t\t\t<div class=\"elementor-element elementor-element-0da241f elementor-widget elementor-widget-text-editor\" data-id=\"0da241f\" data-element_type=\"widget\" data-widget_type=\"text-editor.default\">\n\t\t\t\t<div class=\"elementor-widget-container\">\n\t\t\t\t\t\t\t<section class=\"elementor-section elementor-top-section elementor-element elementor-element-c5aca0c elementor-section-stretched elementor-section-boxed elementor-section-height-default elementor-section-height-default\" data-id=\"c5aca0c\" data-element_type=\"section\" data-settings=\"{&quot;stretch_section&quot;:&quot;section-stretched&quot;,&quot;background_background&quot;:&quot;classic&quot;}\"><div class=\"elementor-container elementor-column-gap-wide\"><div class=\"elementor-column elementor-col-100 elementor-top-column elementor-element elementor-element-30e1c53\" data-id=\"30e1c53\" data-element_type=\"column\"><div class=\"elementor-widget-wrap elementor-element-populated\"><div class=\"elementor-element elementor-element-a180e2a elementor-widget elementor-widget-heading\" data-id=\"a180e2a\" data-element_type=\"widget\" data-widget_type=\"heading.default\"><div class=\"elementor-widget-container\"><h2 class=\"elementor-heading-title elementor-size-default\">FONDATION DU PATRIMOINE<\/h2><\/div><\/div><\/div><\/div><\/div><\/section><section class=\"elementor-section elementor-top-section elementor-element elementor-element-be63009 elementor-section-full_width elementor-section-height-default elementor-section-height-default\" data-id=\"be63009\" data-element_type=\"section\"><div class=\"elementor-container elementor-column-gap-no\"><div class=\"elementor-column elementor-col-100 elementor-top-column elementor-element elementor-element-e235141\" data-id=\"e235141\" data-element_type=\"column\"><div class=\"elementor-widget-wrap elementor-element-populated\"><div class=\"elementor-element elementor-element-56394c3 elementor-widget elementor-widget-theme-post-content\" data-id=\"56394c3\" data-element_type=\"widget\" data-widget_type=\"theme-post-content.default\"><div class=\"elementor-widget-container\"><div class=\"elementor elementor-3475\" data-elementor-type=\"wp-page\" data-elementor-id=\"3475\" data-elementor-post-type=\"page\"><div class=\"elementor-element elementor-element-2cd2c6a e-flex e-con-boxed e-con\" data-id=\"2cd2c6a\" data-element_type=\"container\" data-settings=\"{&quot;content_width&quot;:&quot;boxed&quot;}\"><div class=\"e-con-inner\"><div class=\"elementor-element elementor-element-40efdeb elementor-widget elementor-widget-text-editor\" data-id=\"40efdeb\" data-element_type=\"widget\" data-widget_type=\"text-editor.default\"><div class=\"elementor-widget-container\"><p><img loading=\"lazy\" decoding=\"async\" class=\"wp-image-3481 alignleft\" src=\"https:\/\/eglise-appeville.com\/wp-content\/uploads\/2023\/08\/logo-fondation-patrimoine.jpg\" alt=\"logo fondation patrimoine\" width=\"140\" height=\"46\" \/>Cr\u00e9\u00e9e par la loi du 2 juillet 1996 et reconnue d\u2019utilit\u00e9 publique, la Fondation du Patrimoine a pour mission de sauvegarder et de mettre en valeur le patrimoine local.<\/p><p>Elle apporte une aide aux porteurs de projets publics et priv\u00e9s pour restaurer et faire vivre le patrimoine de proximit\u00e9.\u00a0<\/p><p>Par son statut d\u2019association reconnue d\u2019utilit\u00e9 publique, elle peut recevoir des dons affect\u00e9s \u00e0 un projet par l\u2019interm\u00e9diaire d\u2019une association.<\/p><\/div><\/div><div class=\"elementor-element elementor-element-5abd9e7 elementor-widget elementor-widget-spacer\" data-id=\"5abd9e7\" data-element_type=\"widget\" data-widget_type=\"spacer.default\"><div class=\"elementor-widget-container\"><div class=\"elementor-spacer\"><div class=\"elementor-spacer-inner\">\u00a0<\/div><\/div><\/div><\/div><div class=\"elementor-element elementor-element-b67a416 elementor-widget elementor-widget-text-editor\" data-id=\"b67a416\" data-element_type=\"widget\" data-widget_type=\"text-editor.default\"><div class=\"elementor-widget-container\"><p><strong>Notre partenariat avec la Fondation du Patrimoine a permis et permet d\u2019encaisser des dons pour la restauration de l\u2019\u00e9glise d\u2019Appeville.<\/strong><\/p><\/div><\/div><\/div><\/div><section class=\"elementor-section elementor-top-section elementor-element elementor-element-322c6f45 elementor-section-boxed elementor-section-height-default elementor-section-height-default\" data-id=\"322c6f45\" data-element_type=\"section\"><div class=\"elementor-container elementor-column-gap-default\"><div class=\"elementor-column elementor-col-100 elementor-top-column elementor-element elementor-element-501febb2\" data-id=\"501febb2\" data-element_type=\"column\"><div class=\"elementor-widget-wrap elementor-element-populated\"><div class=\"elementor-element elementor-element-47515518 elementor-widget elementor-widget-text-editor\" data-id=\"47515518\" data-element_type=\"widget\" data-widget_type=\"text-editor.default\"><div class=\"elementor-widget-container\"><h4 class=\"wp-block-heading\">Les avantages fiscaux pour les dons des particuliers<\/h4><p>Les dons vers\u00e9s \u00e0 la Fondation du patrimoine sont d\u00e9ductibles :<\/p><ul><li>de l\u2019<strong>imp\u00f4t sur le revenu (IR)<\/strong>\u00a0des personnes physiques \u00e0 hauteur de 66 % du don et dans la limite de 20 % du revenu imposable. Ainsi, un don de 100 euros repr\u00e9sente une r\u00e9duction d\u2019imp\u00f4t de 66 euros. Votre don ne vous co\u00fbte donc que 34 euros.<\/li><li>de l\u2019<strong>imp\u00f4t sur la fortune immobili\u00e8re (IFI)<\/strong>\u00a0\u00e0 hauteur de 75 % du don dans la limite de 50 000 euros (limite atteinte avec un don de 66 666 euros). Ainsi, un don de 100 euros repr\u00e9sente une r\u00e9duction d\u2019imp\u00f4t de 75 euros. Votre don ne vous co\u00fbte que 25 euros.<\/li><\/ul><h4 class=\"wp-block-heading\">Les avantages fiscaux pour les legs<\/h4><p>La Fondation du patrimoine \u00e9tant reconnue d\u2019utilit\u00e9 publique elle est exon\u00e9r\u00e9e des droits de succession dans le cadre des legs.<\/p><h4 class=\"wp-block-heading\">Les avantages fiscaux pour les dons des entreprises<\/h4><p>Les dons vers\u00e9s \u00e0 la Fondation du patrimoine sont d\u00e9ductibles de l\u2019imp\u00f4t sur les soci\u00e9t\u00e9s, \u00e0 hauteur de 60 % du don jusqu\u2019\u00e0 2M\u20ac et de 40 % au-del\u00e0, dans la limite de 20 000 \u20ac ou de 5 \u2030 du chiffre d\u2019affaires lorsque cette derni\u00e8re limite est plus \u00e9lev\u00e9e. L\u2019\u00e9ventuel exc\u00e9dent peut faire l\u2019objet d\u2019un report au titre des cinq exercices suivants.<\/p><p>Ainsi, un don de 300 \u20ac repr\u00e9sente une r\u00e9duction d\u2019imp\u00f4t de 180 \u20ac. Votre don ne vous co\u00fbte que 120 \u20ac.<\/p><\/div><\/div><div class=\"elementor-element elementor-element-b2548d3 elementor-widget elementor-widget-spacer\" data-id=\"b2548d3\" data-element_type=\"widget\" data-widget_type=\"spacer.default\"><div class=\"elementor-widget-container\"><div class=\"elementor-spacer\"><div class=\"elementor-spacer-inner\">\u00a0<\/div><\/div><\/div><\/div><div class=\"elementor-element elementor-element-9a0827f elementor-widget elementor-widget-heading\" data-id=\"9a0827f\" data-element_type=\"widget\" data-widget_type=\"heading.default\"><div class=\"elementor-widget-container\"><h2 class=\"elementor-heading-title elementor-size-default\">Pour faire un don pour la restauration de l&rsquo;\u00e9glise d&rsquo;Appeville<\/h2><\/div><\/div><div class=\"elementor-element elementor-element-cb22b57 elementor-widget elementor-widget-spacer\" data-id=\"cb22b57\" data-element_type=\"widget\" data-widget_type=\"spacer.default\"><div class=\"elementor-widget-container\"><div class=\"elementor-spacer\"><div class=\"elementor-spacer-inner\">\u00a0<\/div><\/div><\/div><\/div><div class=\"elementor-element elementor-element-345223b elementor-widget elementor-widget-heading\" data-id=\"345223b\" data-element_type=\"widget\" data-widget_type=\"heading.default\"><div class=\"elementor-widget-container\"><h4 class=\"elementor-heading-title elementor-size-default\">T\u00e9l\u00e9chargez le bulletin de don :<\/h4><\/div><\/div><div class=\"elementor-element elementor-element-f1e566b elementor-align-center elementor-widget elementor-widget-button\" data-id=\"f1e566b\" data-element_type=\"widget\" data-widget_type=\"button.default\"><div class=\"elementor-widget-container\"><div class=\"elementor-button-wrapper\"><a class=\"elementor-button elementor-button-link elementor-size-lg\" href=\"https:\/\/eglise-appeville.com\/wp-content\/uploads\/2023\/08\/NOUVEAU-BULLETIN-DE-DON-Janvier-2022.pdf\"><span class=\"elementor-button-content-wrapper\"><span class=\"elementor-button-text\">BULLETIN DE DON<\/span><\/span><\/a><\/div><\/div><\/div><div class=\"elementor-element elementor-element-e4c2587 elementor-widget elementor-widget-spacer\" data-id=\"e4c2587\" data-element_type=\"widget\" data-widget_type=\"spacer.default\"><div class=\"elementor-widget-container\"><div class=\"elementor-spacer\"><div class=\"elementor-spacer-inner\">\u00a0<\/div><\/div><\/div><\/div><div class=\"elementor-element elementor-element-ea07347 elementor-widget elementor-widget-heading\" data-id=\"ea07347\" data-element_type=\"widget\" data-widget_type=\"heading.default\"><div class=\"elementor-widget-container\"><h4 class=\"elementor-heading-title elementor-size-default\">ou directement sur le site en ligne :<\/h4><\/div><\/div><div class=\"elementor-element elementor-element-ae1f69e elementor-widget elementor-widget-text-editor\" data-id=\"ae1f69e\" data-element_type=\"widget\" data-widget_type=\"text-editor.default\"><div class=\"elementor-widget-container\">\u00a0<\/div><\/div><div class=\"elementor-element elementor-element-76b638b elementor-align-center elementor-widget elementor-widget-button\" data-id=\"76b638b\" data-element_type=\"widget\" data-widget_type=\"button.default\"><div class=\"elementor-widget-container\"><div class=\"elementor-button-wrapper\"><a class=\"elementor-button elementor-button-link elementor-size-lg\" href=\"https:\/\/www.fondation-patrimoine.org\/les-projets\/eglise-d-appeville\"><span class=\"elementor-button-content-wrapper\"><span class=\"elementor-button-text\">SITE DE LA FONDATION DU PATRIMOINE<\/span><\/span><\/a><\/div><\/div><\/div><\/div><\/div><\/div><\/section><\/div><\/div><\/div><\/div><\/div><\/div><\/section>\t\t\t\t\t\t<\/div>\n\t\t\t\t<\/div>\n\t\t\t\t\t<\/div>\n\t\t<\/div>\n\t\t\t\t\t\t\t<\/div>\n\t\t<\/section>\n\t\t\t\t\t\t\t<\/div>\n\t\t","protected":false},"excerpt":{"rendered":"<p>L\u2019association du patrimoine d\u2019Appeville\u00a0est une association loi 1901 cr\u00e9\u00e9e le 19 mars 2009 \u00e0 Appeville. Son but est de permettre \u00e0 la commune d\u2019Appeville de restaurer la magnifique \u00e9glise gothique&hellip;<\/p>\n","protected":false},"author":1,"featured_media":0,"parent":0,"menu_order":0,"comment_status":"closed","ping_status":"closed","template":"","meta":{"footnotes":""},"class_list":["post-271","page","type-page","status-publish","hentry"],"_links":{"self":[{"href":"https:\/\/eglise-appeville.com\/index.php\/wp-json\/wp\/v2\/pages\/271","targetHints":{"allow":["GET"]}}],"collection":[{"href":"https:\/\/eglise-appeville.com\/index.php\/wp-json\/wp\/v2\/pages"}],"about":[{"href":"https:\/\/eglise-appeville.com\/index.php\/wp-json\/wp\/v2\/types\/page"}],"author":[{"embeddable":true,"href":"https:\/\/eglise-appeville.com\/index.php\/wp-json\/wp\/v2\/users\/1"}],"replies":[{"embeddable":true,"href":"https:\/\/eglise-appeville.com\/index.php\/wp-json\/wp\/v2\/comments?post=271"}],"version-history":[{"count":34,"href":"https:\/\/eglise-appeville.com\/index.php\/wp-json\/wp\/v2\/pages\/271\/revisions"}],"predecessor-version":[{"id":3659,"href":"https:\/\/eglise-appeville.com\/index.php\/wp-json\/wp\/v2\/pages\/271\/revisions\/3659"}],"wp:attachment":[{"href":"https:\/\/eglise-appeville.com\/index.php\/wp-json\/wp\/v2\/media?parent=271"}],"curies":[{"name":"wp","href":"https:\/\/api.w.org\/{rel}","templated":true}]}}